{"id":17,"date":"2024-04-24T09:35:17","date_gmt":"2024-04-24T09:35:17","guid":{"rendered":"https:\/\/paijahr.fi\/?post_type=product&#038;p=17"},"modified":"2024-09-03T06:28:58","modified_gmt":"2024-09-03T06:28:58","slug":"tyosopimusylemmattoimihenkilot","status":"publish","type":"product","link":"https:\/\/paijahr.fi\/en\/product\/tyosopimusylemmattoimihenkilot\/","title":{"rendered":"Ty\u00f6sopimus ylemm\u00e4t toimihenkil\u00f6t"},"content":{"rendered":"<p>Tarvitsetko ty\u00f6suhdejuristin l\u00e4pik\u00e4ym\u00e4\u00e4 laadukasta ty\u00f6sopimuspohjaa?<\/p>\n<p>T\u00e4m\u00e4 Paija HR:n pohja sis\u00e4lt\u00e4\u00e4 kaikki olennaiset asiat liittyen ylemm\u00e4n toimihenkil\u00f6n ty\u00f6sopimukseen, kattaen esimerkiksi koeajan, sovellettavan ty\u00f6ehtosopimuksen, immateriaalioikeudet sek\u00e4 kilpailukiellon. Olemme luoneet pohjan erityisesti teknologia-alan kasvuyhti\u00f6it\u00e4 ajatellen. Helpottaaksemme ty\u00f6t\u00e4si, olemme laittaneet pohjaan mukaan esimerkkej\u00e4 sis\u00e4ll\u00f6st\u00e4 sek\u00e4 muista huomioitavista asioista.<\/p>\n<p>Asiakkaana vastaat mallin soveltamisesta aina kulloiseenkin tilanteeseen istuvaksi. Jos olet ep\u00e4varma sen sopivuudesta, suosittelemme asiantuntijan konsultaatiota.<br \/>\nSuosittelemme, ett\u00e4 tallennat lataamasi alkuper\u00e4isen asiakirjan erikseen, ja teet siit\u00e4 itsellesi kopion muokkaamista varten.\u202f\u200b<\/p>\n<p>Jos kaipaat apua pohjan k\u00e4ytt\u00f6\u00f6nottossa, olemme toki mielell\u00e4mme sinulle avuksi &#8211; ole siis rohkeasti meihin yhteydess\u00e4!<\/p>","protected":false},"excerpt":{"rendered":"<p>Ty\u00f6suhdejuristin katselmoima ty\u00f6sopimuspohja, joka sis\u00e4lt\u00e4\u00e4 kaikki teknologia-alan ylemm\u00e4n toimihenkil\u00f6n ty\u00f6sopimuksen olennaiset asiat.<\/p>","protected":false},"featured_media":3929,"comment_status":"open","ping_status":"closed","template":"","meta":[],"product_brand":[],"product_cat":[35],"product_tag":[],"class_list":{"0":"post-17","1":"product","2":"type-product","3":"status-publish","4":"has-post-thumbnail","6":"product_cat-asiakirjat-ja-mallit","8":"first","9":"instock","10":"downloadable","11":"taxable","12":"shipping-taxable","13":"purchasable","14":"product-type-simple"},"yoast_head":"<!-- This site is optimized with the Yoast SEO plugin v27.2 - https:\/\/yoast.com\/product\/yoast-seo-wordpress\/ -->\n<title>Ty\u00f6sopimus ylemm\u00e4t toimihenkil\u00f6t | Paija Hr<\/title>\n<meta name=\"robots\" content=\"index, follow, max-snippet:-1, max-image-preview:large, max-video-preview:-1\" \/>\n<link rel=\"canonical\" href=\"https:\/\/paijahr.fi\/en\/product\/tyosopimusylemmattoimihenkilot\/\" \/>\n<meta property=\"og:locale\" content=\"en_US\" \/>\n<meta property=\"og:type\" content=\"article\" \/>\n<meta property=\"og:title\" content=\"Ty\u00f6sopimus ylemm\u00e4t toimihenkil\u00f6t | Paija Hr\" \/>\n<meta property=\"og:description\" content=\"Ty\u00f6suhdejuristin katselmoima ty\u00f6sopimuspohja, joka sis\u00e4lt\u00e4\u00e4 kaikki teknologia-alan ylemm\u00e4n toimihenkil\u00f6n ty\u00f6sopimuksen olennaiset asiat.\" \/>\n<meta property=\"og:url\" content=\"https:\/\/paijahr.fi\/en\/product\/tyosopimusylemmattoimihenkilot\/\" \/>\n<meta property=\"og:site_name\" content=\"Paija Hr\" \/>\n<meta property=\"article:modified_time\" content=\"2024-09-03T06:28:58+00:00\" \/>\n<meta property=\"og:image\" content=\"https:\/\/paijahr.fi\/wp-content\/uploads\/2024\/08\/Tyosopimus-ylemmat-toimihenkilot.png\" \/>\n\t<meta property=\"og:image:width\" content=\"1111\" \/>\n\t<meta property=\"og:image:height\" content=\"619\" \/>\n\t<meta property=\"og:image:type\" content=\"image\/png\" \/>\n<meta name=\"twitter:card\" content=\"summary_large_image\" \/>\n<meta name=\"twitter:label1\" content=\"Est. reading time\" \/>\n\t<meta name=\"twitter:data1\" content=\"1 minute\" \/>\n<script type=\"application\/ld+json\" class=\"yoast-schema-graph\">{\"@context\":\"https:\/\/schema.org\",\"@graph\":[{\"@type\":\"WebPage\",\"@id\":\"https:\/\/paijahr.fi\/tuote\/tyosopimusylemmattoimihenkilot\/\",\"url\":\"https:\/\/paijahr.fi\/tuote\/tyosopimusylemmattoimihenkilot\/\",\"name\":\"Ty\u00f6sopimus ylemm\u00e4t toimihenkil\u00f6t | Paija Hr\",\"isPartOf\":{\"@id\":\"https:\/\/paijahr.fi\/#website\"},\"primaryImageOfPage\":{\"@id\":\"https:\/\/paijahr.fi\/tuote\/tyosopimusylemmattoimihenkilot\/#primaryimage\"},\"image\":{\"@id\":\"https:\/\/paijahr.fi\/tuote\/tyosopimusylemmattoimihenkilot\/#primaryimage\"},\"thumbnailUrl\":\"https:\/\/paijahr.fi\/wp-content\/uploads\/2024\/08\/Tyosopimus-ylemmat-toimihenkilot.png\",\"datePublished\":\"2024-04-24T09:35:17+00:00\",\"dateModified\":\"2024-09-03T06:28:58+00:00\",\"breadcrumb\":{\"@id\":\"https:\/\/paijahr.fi\/tuote\/tyosopimusylemmattoimihenkilot\/#breadcrumb\"},\"inLanguage\":\"en-US\",\"potentialAction\":[{\"@type\":\"ReadAction\",\"target\":[\"https:\/\/paijahr.fi\/tuote\/tyosopimusylemmattoimihenkilot\/\"]}]},{\"@type\":\"ImageObject\",\"inLanguage\":\"en-US\",\"@id\":\"https:\/\/paijahr.fi\/tuote\/tyosopimusylemmattoimihenkilot\/#primaryimage\",\"url\":\"https:\/\/paijahr.fi\/wp-content\/uploads\/2024\/08\/Tyosopimus-ylemmat-toimihenkilot.png\",\"contentUrl\":\"https:\/\/paijahr.fi\/wp-content\/uploads\/2024\/08\/Tyosopimus-ylemmat-toimihenkilot.png\",\"width\":1111,\"height\":619},{\"@type\":\"BreadcrumbList\",\"@id\":\"https:\/\/paijahr.fi\/tuote\/tyosopimusylemmattoimihenkilot\/#breadcrumb\",\"itemListElement\":[{\"@type\":\"ListItem\",\"position\":1,\"name\":\"Etusivu\",\"item\":\"https:\/\/paijahr.fi\/\"},{\"@type\":\"ListItem\",\"position\":2,\"name\":\"Verkkokauppa\",\"item\":\"https:\/\/paijahr.fi\/kauppa\/\"},{\"@type\":\"ListItem\",\"position\":3,\"name\":\"Ty\u00f6sopimus ylemm\u00e4t toimihenkil\u00f6t\"}]},{\"@type\":\"WebSite\",\"@id\":\"https:\/\/paijahr.fi\/#website\",\"url\":\"https:\/\/paijahr.fi\/\",\"name\":\"Paija Hr\",\"description\":\"Yrityksesi kokoista HR:\u00e4\u00e4\",\"publisher\":{\"@id\":\"https:\/\/paijahr.fi\/#organization\"},\"potentialAction\":[{\"@type\":\"SearchAction\",\"target\":{\"@type\":\"EntryPoint\",\"urlTemplate\":\"https:\/\/paijahr.fi\/?s={search_term_string}\"},\"query-input\":{\"@type\":\"PropertyValueSpecification\",\"valueRequired\":true,\"valueName\":\"search_term_string\"}}],\"inLanguage\":\"en-US\"},{\"@type\":\"Organization\",\"@id\":\"https:\/\/paijahr.fi\/#organization\",\"name\":\"Paija Hr\",\"url\":\"https:\/\/paijahr.fi\/\",\"logo\":{\"@type\":\"ImageObject\",\"inLanguage\":\"en-US\",\"@id\":\"https:\/\/paijahr.fi\/#\/schema\/logo\/image\/\",\"url\":\"https:\/\/paijahr.fi\/wp-content\/uploads\/2024\/05\/paija-hr.png\",\"contentUrl\":\"https:\/\/paijahr.fi\/wp-content\/uploads\/2024\/05\/paija-hr.png\",\"width\":940,\"height\":788,\"caption\":\"Paija Hr\"},\"image\":{\"@id\":\"https:\/\/paijahr.fi\/#\/schema\/logo\/image\/\"}}]}<\/script>\n<!-- \/ Yoast SEO plugin. -->","yoast_head_json":{"title":"Ty\u00f6sopimus ylemm\u00e4t toimihenkil\u00f6t | Paija Hr","robots":{"index":"index","follow":"follow","max-snippet":"max-snippet:-1","max-image-preview":"max-image-preview:large","max-video-preview":"max-video-preview:-1"},"canonical":"https:\/\/paijahr.fi\/en\/product\/tyosopimusylemmattoimihenkilot\/","og_locale":"en_US","og_type":"article","og_title":"Ty\u00f6sopimus ylemm\u00e4t toimihenkil\u00f6t | Paija Hr","og_description":"Ty\u00f6suhdejuristin katselmoima ty\u00f6sopimuspohja, joka sis\u00e4lt\u00e4\u00e4 kaikki teknologia-alan ylemm\u00e4n toimihenkil\u00f6n ty\u00f6sopimuksen olennaiset asiat.","og_url":"https:\/\/paijahr.fi\/en\/product\/tyosopimusylemmattoimihenkilot\/","og_site_name":"Paija Hr","article_modified_time":"2024-09-03T06:28:58+00:00","og_image":[{"width":1111,"height":619,"url":"https:\/\/paijahr.fi\/wp-content\/uploads\/2024\/08\/Tyosopimus-ylemmat-toimihenkilot.png","type":"image\/png"}],"twitter_card":"summary_large_image","twitter_misc":{"Est. reading time":"1 minute"},"schema":{"@context":"https:\/\/schema.org","@graph":[{"@type":"WebPage","@id":"https:\/\/paijahr.fi\/tuote\/tyosopimusylemmattoimihenkilot\/","url":"https:\/\/paijahr.fi\/tuote\/tyosopimusylemmattoimihenkilot\/","name":"Ty\u00f6sopimus ylemm\u00e4t toimihenkil\u00f6t | Paija Hr","isPartOf":{"@id":"https:\/\/paijahr.fi\/#website"},"primaryImageOfPage":{"@id":"https:\/\/paijahr.fi\/tuote\/tyosopimusylemmattoimihenkilot\/#primaryimage"},"image":{"@id":"https:\/\/paijahr.fi\/tuote\/tyosopimusylemmattoimihenkilot\/#primaryimage"},"thumbnailUrl":"https:\/\/paijahr.fi\/wp-content\/uploads\/2024\/08\/Tyosopimus-ylemmat-toimihenkilot.png","datePublished":"2024-04-24T09:35:17+00:00","dateModified":"2024-09-03T06:28:58+00:00","breadcrumb":{"@id":"https:\/\/paijahr.fi\/tuote\/tyosopimusylemmattoimihenkilot\/#breadcrumb"},"inLanguage":"en-US","potentialAction":[{"@type":"ReadAction","target":["https:\/\/paijahr.fi\/tuote\/tyosopimusylemmattoimihenkilot\/"]}]},{"@type":"ImageObject","inLanguage":"en-US","@id":"https:\/\/paijahr.fi\/tuote\/tyosopimusylemmattoimihenkilot\/#primaryimage","url":"https:\/\/paijahr.fi\/wp-content\/uploads\/2024\/08\/Tyosopimus-ylemmat-toimihenkilot.png","contentUrl":"https:\/\/paijahr.fi\/wp-content\/uploads\/2024\/08\/Tyosopimus-ylemmat-toimihenkilot.png","width":1111,"height":619},{"@type":"BreadcrumbList","@id":"https:\/\/paijahr.fi\/tuote\/tyosopimusylemmattoimihenkilot\/#breadcrumb","itemListElement":[{"@type":"ListItem","position":1,"name":"Etusivu","item":"https:\/\/paijahr.fi\/"},{"@type":"ListItem","position":2,"name":"Verkkokauppa","item":"https:\/\/paijahr.fi\/kauppa\/"},{"@type":"ListItem","position":3,"name":"Ty\u00f6sopimus ylemm\u00e4t toimihenkil\u00f6t"}]},{"@type":"WebSite","@id":"https:\/\/paijahr.fi\/#website","url":"https:\/\/paijahr.fi\/","name":"Paija Hr","description":"Your HR agency in Finland","publisher":{"@id":"https:\/\/paijahr.fi\/#organization"},"potentialAction":[{"@type":"SearchAction","target":{"@type":"EntryPoint","urlTemplate":"https:\/\/paijahr.fi\/?s={search_term_string}"},"query-input":{"@type":"PropertyValueSpecification","valueRequired":true,"valueName":"search_term_string"}}],"inLanguage":"en-US"},{"@type":"Organization","@id":"https:\/\/paijahr.fi\/#organization","name":"Paija Hr","url":"https:\/\/paijahr.fi\/","logo":{"@type":"ImageObject","inLanguage":"en-US","@id":"https:\/\/paijahr.fi\/#\/schema\/logo\/image\/","url":"https:\/\/paijahr.fi\/wp-content\/uploads\/2024\/05\/paija-hr.png","contentUrl":"https:\/\/paijahr.fi\/wp-content\/uploads\/2024\/05\/paija-hr.png","width":940,"height":788,"caption":"Paija Hr"},"image":{"@id":"https:\/\/paijahr.fi\/#\/schema\/logo\/image\/"}}]}},"_links":{"self":[{"href":"https:\/\/paijahr.fi\/en\/wp-json\/wp\/v2\/product\/17","targetHints":{"allow":["GET"]}}],"collection":[{"href":"https:\/\/paijahr.fi\/en\/wp-json\/wp\/v2\/product"}],"about":[{"href":"https:\/\/paijahr.fi\/en\/wp-json\/wp\/v2\/types\/product"}],"replies":[{"embeddable":true,"href":"https:\/\/paijahr.fi\/en\/wp-json\/wp\/v2\/comments?post=17"}],"wp:featuredmedia":[{"embeddable":true,"href":"https:\/\/paijahr.fi\/en\/wp-json\/wp\/v2\/media\/3929"}],"wp:attachment":[{"href":"https:\/\/paijahr.fi\/en\/wp-json\/wp\/v2\/media?parent=17"}],"wp:term":[{"taxonomy":"product_brand","embeddable":true,"href":"https:\/\/paijahr.fi\/en\/wp-json\/wp\/v2\/product_brand?post=17"},{"taxonomy":"product_cat","embeddable":true,"href":"https:\/\/paijahr.fi\/en\/wp-json\/wp\/v2\/product_cat?post=17"},{"taxonomy":"product_tag","embeddable":true,"href":"https:\/\/paijahr.fi\/en\/wp-json\/wp\/v2\/product_tag?post=17"}],"curies":[{"name":"wp","href":"https:\/\/api.w.org\/{rel}","templated":true}]}}